{"id":9418,"date":"2016-02-11T06:59:57","date_gmt":"2016-02-11T06:59:57","guid":{"rendered":"http:\/\/bigiesse.it\/fr\/the-group\/"},"modified":"2022-02-23T10:40:32","modified_gmt":"2022-02-23T10:40:32","slug":"le-groupe","status":"publish","type":"page","link":"https:\/\/bigiesse.it\/fr\/le-groupe\/","title":{"rendered":"Le Groupe"},"content":{"rendered":"\t\t<div data-elementor-type=\"wp-page\" data-elementor-id=\"9418\" class=\"elementor elementor-9418 elementor-9410\">\n\t\t\t\t\t\t<section class=\"elementor-section elementor-top-section elementor-element elementor-element-620549c elementor-section-content-middle elementor-section-height-min-height elementor-section-boxed elementor-section-height-default elementor-section-items-middle\" data-id=\"620549c\" data-element_type=\"section\" data-settings=\"{&quot;background_background&quot;:&quot;classic&quot;}\">\n\t\t\t\t\t\t\t<div class=\"elementor-background-overlay\"><\/div>\n\t\t\t\t\t\t\t<div class=\"elementor-container elementor-column-gap-default\">\n\t\t\t\t\t<div class=\"elementor-column elementor-col-100 elementor-top-column elementor-element elementor-element-02147a8\" data-id=\"02147a8\" data-element_type=\"column\">\n\t\t\t<div class=\"elementor-widget-wrap elementor-element-populated\">\n\t\t\t\t\t\t<div class=\"elementor-element elementor-element-b9e0cc5 elementor-invisible elementor-widget elementor-widget-heading\" data-id=\"b9e0cc5\" data-element_type=\"widget\" data-settings=\"{&quot;_animation&quot;:&quot;fadeInUp&quot;}\" data-widget_type=\"heading.default\">\n\t\t\t\t<div class=\"elementor-widget-container\">\n\t\t\t\t\t<div class=\"elementor-heading-title elementor-size-default elementor-heading-title elementor-align-after-left elementor-align-after-mobile-center\">Le Groupe<\/div>\t\t\t\t<\/div>\n\t\t\t\t<\/div>\n\t\t\t\t<div class=\"elementor-element elementor-element-07223bf elementor-invisible elementor-widget elementor-widget-text-editor\" data-id=\"07223bf\" data-element_type=\"widget\" data-settings=\"{&quot;_animation&quot;:&quot;fadeInUp&quot;,&quot;_animation_delay&quot;:200}\" data-widget_type=\"text-editor.default\">\n\t\t\t\t<div class=\"elementor-widget-container\">\n\t\t\t\t\t\t\t\t\t<p><strong>BGS General Group<\/strong> est une r\u00e9alit\u00e9 solide dans le domanine de la production et du commerce. BGS General Group se compose d\u2019un groupe de professionnels qualifi\u00e9s et d\u2019une histoire d\u2019entreprise avec plus de quarante ans d\u2019exp\u00e9rience.<\/p>\n\t\t\t\t\t\t\t\t<\/div>\n\t\t\t\t<\/div>\n\t\t\t\t\t<\/div>\n\t\t<\/div>\n\t\t\t\t\t<\/div>\n\t\t<\/section>\n\t\t\t\t<section class=\"elementor-section elementor-top-section elementor-element elementor-element-37565c1 elementor-section-boxed elementor-section-height-default elementor-section-height-default\" data-id=\"37565c1\" data-element_type=\"section\" data-settings=\"{&quot;background_background&quot;:&quot;classic&quot;}\">\n\t\t\t\t\t\t<div class=\"elementor-container elementor-column-gap-default\">\n\t\t\t\t\t<div class=\"elementor-column elementor-col-100 elementor-top-column elementor-element elementor-element-e4b7d04\" data-id=\"e4b7d04\" data-element_type=\"column\">\n\t\t\t<div class=\"elementor-widget-wrap elementor-element-populated\">\n\t\t\t\t\t\t<div class=\"elementor-element elementor-element-e5bcf58 elementor-widget elementor-widget-text-editor\" data-id=\"e5bcf58\" data-element_type=\"widget\" data-widget_type=\"text-editor.default\">\n\t\t\t\t<div class=\"elementor-widget-container\">\n\t\t\t\t\t\t\t\t\t<p>Dans les ann\u00e9es\u00a0<strong>BGS General Group<\/strong> a agrandi son core business et il est maintenant en mesure de relever les multiples d\u00e9fis avec une gamme de produits et services diversifi\u00e9s.<\/p>\n\t\t\t\t\t\t\t\t<\/div>\n\t\t\t\t<\/div>\n\t\t\t\t<div class=\"elementor-element elementor-element-b7c5d0f elementor-position-inline-start elementor-view-default elementor-mobile-position-block-start elementor-widget elementor-widget-icon-box\" data-id=\"b7c5d0f\" data-element_type=\"widget\" data-widget_type=\"icon-box.default\">\n\t\t\t\t<div class=\"elementor-widget-container\">\n\t\t\t\t\t\t\t<div class=\"elementor-icon-box-wrapper\">\n\n\t\t\t\t\t\t<div class=\"elementor-icon-box-icon\">\n\t\t\t\t<span  class=\"elementor-icon\">\n\t\t\t\t<i aria-hidden=\"true\" class=\"far fa-arrow-alt-circle-right\"><\/i>\t\t\t\t<\/span>\n\t\t\t<\/div>\n\t\t\t\n\t\t\t\t\t\t<div class=\"elementor-icon-box-content\">\n\n\t\t\t\t\t\t\t\t\t<h4 class=\"elementor-icon-box-title\">\n\t\t\t\t\t\t<span  >\n\t\t\t\t\t\t\tBGS General Group\t\t\t\t\t\t<\/span>\n\t\t\t\t\t<\/h4>\n\t\t\t\t\n\t\t\t\t\t\t\t\t\t<p class=\"elementor-icon-box-description\">\n\t\t\t\t\t\test production et commercialisation de syst\u00e8mes de pompes pour haut et bas vide, centrales vide medical.\t\t\t\t\t<\/p>\n\t\t\t\t\n\t\t\t<\/div>\n\t\t\t\n\t\t<\/div>\n\t\t\t\t\t\t<\/div>\n\t\t\t\t<\/div>\n\t\t\t\t<div class=\"elementor-element elementor-element-bf1b7e0 elementor-position-inline-start elementor-view-default elementor-mobile-position-block-start elementor-widget elementor-widget-icon-box\" data-id=\"bf1b7e0\" data-element_type=\"widget\" data-widget_type=\"icon-box.default\">\n\t\t\t\t<div class=\"elementor-widget-container\">\n\t\t\t\t\t\t\t<div class=\"elementor-icon-box-wrapper\">\n\n\t\t\t\t\t\t<div class=\"elementor-icon-box-icon\">\n\t\t\t\t<span  class=\"elementor-icon\">\n\t\t\t\t<i aria-hidden=\"true\" class=\"far fa-arrow-alt-circle-right\"><\/i>\t\t\t\t<\/span>\n\t\t\t<\/div>\n\t\t\t\n\t\t\t\t\t\t<div class=\"elementor-icon-box-content\">\n\n\t\t\t\t\t\t\t\t\t<h4 class=\"elementor-icon-box-title\">\n\t\t\t\t\t\t<span  >\n\t\t\t\t\t\t\tBGS General Group\t\t\t\t\t\t<\/span>\n\t\t\t\t\t<\/h4>\n\t\t\t\t\n\t\t\t\t\t\t\t\t\t<p class=\"elementor-icon-box-description\">\n\t\t\t\t\t\test un partenaire id\u00e9al dans la gestion d\u2019entreprise d\u2019activit\u00e9s traditionnelles et innovantes.\t\t\t\t\t<\/p>\n\t\t\t\t\n\t\t\t<\/div>\n\t\t\t\n\t\t<\/div>\n\t\t\t\t\t\t<\/div>\n\t\t\t\t<\/div>\n\t\t\t\t<div class=\"elementor-element elementor-element-5ae2b5c elementor-position-inline-start elementor-view-default elementor-mobile-position-block-start elementor-widget elementor-widget-icon-box\" data-id=\"5ae2b5c\" data-element_type=\"widget\" data-widget_type=\"icon-box.default\">\n\t\t\t\t<div class=\"elementor-widget-container\">\n\t\t\t\t\t\t\t<div class=\"elementor-icon-box-wrapper\">\n\n\t\t\t\t\t\t<div class=\"elementor-icon-box-icon\">\n\t\t\t\t<span  class=\"elementor-icon\">\n\t\t\t\t<i aria-hidden=\"true\" class=\"far fa-arrow-alt-circle-right\"><\/i>\t\t\t\t<\/span>\n\t\t\t<\/div>\n\t\t\t\n\t\t\t\t\t\t<div class=\"elementor-icon-box-content\">\n\n\t\t\t\t\t\t\t\t\t<h4 class=\"elementor-icon-box-title\">\n\t\t\t\t\t\t<span  >\n\t\t\t\t\t\t\tLa r\u00e9putation \u00e9lev\u00e9e\t\t\t\t\t\t<\/span>\n\t\t\t\t\t<\/h4>\n\t\t\t\t\n\t\t\t\t\n\t\t\t<\/div>\n\t\t\t\n\t\t<\/div>\n\t\t\t\t\t\t<\/div>\n\t\t\t\t<\/div>\n\t\t\t\t<div class=\"elementor-element elementor-element-929a1a7 elementor-position-inline-start elementor-view-default elementor-mobile-position-block-start elementor-widget elementor-widget-icon-box\" data-id=\"929a1a7\" data-element_type=\"widget\" data-widget_type=\"icon-box.default\">\n\t\t\t\t<div class=\"elementor-widget-container\">\n\t\t\t\t\t\t\t<div class=\"elementor-icon-box-wrapper\">\n\n\t\t\t\t\t\t<div class=\"elementor-icon-box-icon\">\n\t\t\t\t<span  class=\"elementor-icon\">\n\t\t\t\t<i aria-hidden=\"true\" class=\"far fa-arrow-alt-circle-right\"><\/i>\t\t\t\t<\/span>\n\t\t\t<\/div>\n\t\t\t\n\t\t\t\t\t\t<div class=\"elementor-icon-box-content\">\n\n\t\t\t\t\t\t\t\t\t<h4 class=\"elementor-icon-box-title\">\n\t\t\t\t\t\t<span  >\n\t\t\t\t\t\t\tSolidit\u00e9 et fiabilit\u00e9 entrepreneuriale combin\u00e9e avec la capacit\u00e9 d\u2019anticiper les tendances du march\u00e9.\t\t\t\t\t\t<\/span>\n\t\t\t\t\t<\/h4>\n\t\t\t\t\n\t\t\t\t\n\t\t\t<\/div>\n\t\t\t\n\t\t<\/div>\n\t\t\t\t\t\t<\/div>\n\t\t\t\t<\/div>\n\t\t\t\t<div class=\"elementor-element elementor-element-99c1e53 elementor-position-inline-start elementor-view-default elementor-mobile-position-block-start elementor-widget elementor-widget-icon-box\" data-id=\"99c1e53\" data-element_type=\"widget\" data-widget_type=\"icon-box.default\">\n\t\t\t\t<div class=\"elementor-widget-container\">\n\t\t\t\t\t\t\t<div class=\"elementor-icon-box-wrapper\">\n\n\t\t\t\t\t\t<div class=\"elementor-icon-box-icon\">\n\t\t\t\t<span  class=\"elementor-icon\">\n\t\t\t\t<i aria-hidden=\"true\" class=\"far fa-arrow-alt-circle-right\"><\/i>\t\t\t\t<\/span>\n\t\t\t<\/div>\n\t\t\t\n\t\t\t\t\t\t<div class=\"elementor-icon-box-content\">\n\n\t\t\t\t\t\t\t\t\t<h4 class=\"elementor-icon-box-title\">\n\t\t\t\t\t\t<span  >\n\t\t\t\t\t\t\tComp\u00e9titivit\u00e9 garantie par la gestion directe de ses productions et des activit\u00e9s commerciales\t\t\t\t\t\t<\/span>\n\t\t\t\t\t<\/h4>\n\t\t\t\t\n\t\t\t\t\n\t\t\t<\/div>\n\t\t\t\n\t\t<\/div>\n\t\t\t\t\t\t<\/div>\n\t\t\t\t<\/div>\n\t\t\t\t<div class=\"elementor-element elementor-element-d7f8510 elementor-position-inline-start elementor-view-default elementor-mobile-position-block-start elementor-widget elementor-widget-icon-box\" data-id=\"d7f8510\" data-element_type=\"widget\" data-widget_type=\"icon-box.default\">\n\t\t\t\t<div class=\"elementor-widget-container\">\n\t\t\t\t\t\t\t<div class=\"elementor-icon-box-wrapper\">\n\n\t\t\t\t\t\t<div class=\"elementor-icon-box-icon\">\n\t\t\t\t<span  class=\"elementor-icon\">\n\t\t\t\t<i aria-hidden=\"true\" class=\"far fa-arrow-alt-circle-right\"><\/i>\t\t\t\t<\/span>\n\t\t\t<\/div>\n\t\t\t\n\t\t\t\t\t\t<div class=\"elementor-icon-box-content\">\n\n\t\t\t\t\t\t\t\t\t<h4 class=\"elementor-icon-box-title\">\n\t\t\t\t\t\t<span  >\n\t\t\t\t\t\t\tForte expansion et connaissance des march\u00e9s \u00e9trangers.\t\t\t\t\t\t<\/span>\n\t\t\t\t\t<\/h4>\n\t\t\t\t\n\t\t\t\t\n\t\t\t<\/div>\n\t\t\t\n\t\t<\/div>\n\t\t\t\t\t\t<\/div>\n\t\t\t\t<\/div>\n\t\t\t\t<div class=\"elementor-element elementor-element-5f54b57 elementor-widget elementor-widget-text-editor\" data-id=\"5f54b57\" data-element_type=\"widget\" data-widget_type=\"text-editor.default\">\n\t\t\t\t<div class=\"elementor-widget-container\">\n\t\t\t\t\t\t\t\t\t<div class=\"vc_col-sm-12 wpb_column column_container jupiter-donut- _ jupiter-donut-height-full\">\n<div id=\"text-block-6\" class=\"mk-text-block jupiter-donut- \">\n<h3 style=\"text-align: center;\"><strong>BGS General Group<\/strong><strong>, we build quality !<\/strong><\/h3>\n<h3 class=\"clearboth\"><\/h3>\n<\/div>\n<\/div>\n\t\t\t\t\t\t\t\t<\/div>\n\t\t\t\t<\/div>\n\t\t\t\t<div class=\"elementor-element elementor-element-1ecc16b elementor-hidden-desktop elementor-hidden-tablet elementor-hidden-mobile elementor-widget elementor-widget-text-editor\" data-id=\"1ecc16b\" data-element_type=\"widget\" data-widget_type=\"text-editor.default\">\n\t\t\t\t<div class=\"elementor-widget-container\">\n\t\t\t\t\t\t\t\t\t<table border=\"0\" width=\"100%\">\n<tbody>\n<tr>\n<td width=\"163\"><strong>50Hz (60Hz)<\/strong><\/td>\n<td width=\"172\">\n<div align=\"center\"><strong>Portata Nominale<\/strong><\/div>\n<\/td>\n<td width=\"154\">\n<div align=\"center\"><strong>Vuoto Finale<\/strong><\/div>\n<\/td>\n<td colspan=\"2\">\n<div align=\"center\"><strong>Potenza Motore<\/strong><\/div>\n<\/td>\n<td width=\"159\">\n<div align=\"center\"><strong>Giri Motore<\/strong><\/div>\n<\/td>\n<td width=\"144\">\n<div align=\"center\"><strong>Rumorosit\u00e0<\/strong><\/div>\n<\/td>\n<td width=\"135\">\n<div align=\"center\"><strong>Capacit\u00e0 Olio<\/strong><\/div>\n<\/td>\n<td width=\"102\">\n<div align=\"center\"><strong>Peso<\/strong><\/div>\n<\/td>\n<\/tr>\n<tr>\n<td><\/td>\n<td>\n<div align=\"center\">m3\/h<\/div>\n<\/td>\n<td>\n<div align=\"center\">mbar (a)<\/div>\n<\/td>\n<td width=\"93\">\n<div align=\"center\">Kw &#8211; 3 ~<\/div>\n<\/td>\n<td width=\"101\">\n<div align=\"center\">Kw &#8211; 1 ~<\/div>\n<\/td>\n<td>\n<div align=\"center\">giri\/min.<\/div>\n<\/td>\n<td>\n<div align=\"center\">dB(A)<\/div>\n<\/td>\n<td>\n<div align=\"center\">Litri<\/div>\n<\/td>\n<td>\n<div align=\"center\">Kg<\/div>\n<\/td>\n<\/tr>\n<tr>\n<td><strong>3 PBO<\/strong><\/td>\n<td>\n<div align=\"center\">3 (3,6)<\/div>\n<\/td>\n<td>\n<div align=\"center\">10<\/div>\n<\/td>\n<td>\n<div align=\"center\">0,11 (0,11)<\/div>\n<\/td>\n<td>\n<div align=\"center\">0,11<\/div>\n<\/td>\n<td>\n<div align=\"center\">2750 (3300)<\/div>\n<\/td>\n<td>\n<div align=\"center\">57<\/div>\n<\/td>\n<td>\n<div align=\"center\">0,1<\/div>\n<\/td>\n<td>\n<div align=\"center\">7<\/div>\n<\/td>\n<\/tr>\n<tr>\n<td><strong>3 PBOM<\/strong><\/td>\n<td>\n<div align=\"center\">3 (3,6)<\/div>\n<\/td>\n<td>\n<div align=\"center\">2<\/div>\n<\/td>\n<td>\n<div align=\"center\">0,11 (0,11)<\/div>\n<\/td>\n<td>\n<div align=\"center\">0,11<\/div>\n<\/td>\n<td>\n<div align=\"center\">2750 (3300)<\/div>\n<\/td>\n<td>\n<div align=\"center\">57<\/div>\n<\/td>\n<td>\n<div align=\"center\">0,1<\/div>\n<\/td>\n<td>\n<div align=\"center\">7<\/div>\n<\/td>\n<\/tr>\n<\/tbody>\n<\/table>\n\t\t\t\t\t\t\t\t<\/div>\n\t\t\t\t<\/div>\n\t\t\t\t\t<\/div>\n\t\t<\/div>\n\t\t\t\t\t<\/div>\n\t\t<\/section>\n\t\t\t\t<\/div>\n\t\t","protected":false},"excerpt":{"rendered":"<p>Le Groupe BGS General Group est une r\u00e9alit\u00e9 solide dans le domanine de la production et du commerce&#8230;.<\/p>\n","protected":false},"author":4,"featured_media":0,"parent":0,"menu_order":0,"comment_status":"closed","ping_status":"closed","template":"elementor_canvas","meta":{"footnotes":""},"class_list":["post-9418","page","type-page","status-publish","hentry"],"yoast_head":"<!-- This site is optimized with the Yoast SEO plugin v26.7 - https:\/\/yoast.com\/wordpress\/plugins\/seo\/ -->\n<title>Le groupe de professionnels - BGS G\u00e9n\u00e9ral<\/title>\n<meta name=\"description\" content=\"Le Groupe G\u00e9n\u00e9ral BGS est une r\u00e9alit\u00e9 dans le domaine de la production et du commerce. Il est compos\u00e9 de professionnels qualifi\u00e9s et d&#039;une quarantaine d&#039;ann\u00e9es d&#039;exp\u00e9rience.\" \/>\n<meta name=\"robots\" content=\"index, follow, max-snippet:-1, max-image-preview:large, max-video-preview:-1\" \/>\n<link rel=\"canonical\" href=\"https:\/\/bigiesse.it\/fr\/le-groupe\/\" \/>\n<meta property=\"og:locale\" content=\"fr_FR\" \/>\n<meta property=\"og:type\" content=\"article\" \/>\n<meta property=\"og:title\" content=\"Le groupe de professionnels - BGS G\u00e9n\u00e9ral\" \/>\n<meta property=\"og:description\" content=\"Le Groupe G\u00e9n\u00e9ral BGS est une r\u00e9alit\u00e9 dans le domaine de la production et du commerce. Il est compos\u00e9 de professionnels qualifi\u00e9s et d&#039;une quarantaine d&#039;ann\u00e9es d&#039;exp\u00e9rience.\" \/>\n<meta property=\"og:url\" content=\"https:\/\/bigiesse.it\/fr\/le-groupe\/\" \/>\n<meta property=\"og:site_name\" content=\"Bgs General Srl - Pompe per Vuoto - Vacuum Technology\" \/>\n<meta property=\"article:modified_time\" content=\"2022-02-23T10:40:32+00:00\" \/>\n<meta name=\"twitter:card\" content=\"summary_large_image\" \/>\n<meta name=\"twitter:label1\" content=\"Dur\u00e9e de lecture estim\u00e9e\" \/>\n\t<meta name=\"twitter:data1\" content=\"1 minute\" \/>\n<script type=\"application\/ld+json\" class=\"yoast-schema-graph\">{\"@context\":\"https:\/\/schema.org\",\"@graph\":[{\"@type\":\"WebPage\",\"@id\":\"https:\/\/bigiesse.it\/fr\/le-groupe\/\",\"url\":\"https:\/\/bigiesse.it\/fr\/le-groupe\/\",\"name\":\"Le groupe de professionnels - BGS G\u00e9n\u00e9ral\",\"isPartOf\":{\"@id\":\"https:\/\/bigiesse.it\/#website\"},\"datePublished\":\"2016-02-11T06:59:57+00:00\",\"dateModified\":\"2022-02-23T10:40:32+00:00\",\"description\":\"Le Groupe G\u00e9n\u00e9ral BGS est une r\u00e9alit\u00e9 dans le domaine de la production et du commerce. Il est compos\u00e9 de professionnels qualifi\u00e9s et d'une quarantaine d'ann\u00e9es d'exp\u00e9rience.\",\"breadcrumb\":{\"@id\":\"https:\/\/bigiesse.it\/fr\/le-groupe\/#breadcrumb\"},\"inLanguage\":\"fr-FR\",\"potentialAction\":[{\"@type\":\"ReadAction\",\"target\":[\"https:\/\/bigiesse.it\/fr\/le-groupe\/\"]}]},{\"@type\":\"BreadcrumbList\",\"@id\":\"https:\/\/bigiesse.it\/fr\/le-groupe\/#breadcrumb\",\"itemListElement\":[{\"@type\":\"ListItem\",\"position\":1,\"name\":\"Home\",\"item\":\"https:\/\/bigiesse.it\/\"},{\"@type\":\"ListItem\",\"position\":2,\"name\":\"Le Groupe\"}]},{\"@type\":\"WebSite\",\"@id\":\"https:\/\/bigiesse.it\/#website\",\"url\":\"https:\/\/bigiesse.it\/\",\"name\":\"Bgs General Srl - Pompe per Vuoto - Vacuum Technology\",\"description\":\"Pompe per vuoto - Vacuum Technology\",\"publisher\":{\"@id\":\"https:\/\/bigiesse.it\/#organization\"},\"potentialAction\":[{\"@type\":\"SearchAction\",\"target\":{\"@type\":\"EntryPoint\",\"urlTemplate\":\"https:\/\/bigiesse.it\/?s={search_term_string}\"},\"query-input\":{\"@type\":\"PropertyValueSpecification\",\"valueRequired\":true,\"valueName\":\"search_term_string\"}}],\"inLanguage\":\"fr-FR\"},{\"@type\":\"Organization\",\"@id\":\"https:\/\/bigiesse.it\/#organization\",\"name\":\"Bigiesse General\",\"url\":\"https:\/\/bigiesse.it\/\",\"logo\":{\"@type\":\"ImageObject\",\"inLanguage\":\"fr-FR\",\"@id\":\"https:\/\/bigiesse.it\/#\/schema\/logo\/image\/\",\"url\":\"https:\/\/bigiesse.it\/wp-content\/uploads\/2015\/04\/Logo-Bigiesse.jpg\",\"contentUrl\":\"https:\/\/bigiesse.it\/wp-content\/uploads\/2015\/04\/Logo-Bigiesse.jpg\",\"width\":164,\"height\":112,\"caption\":\"Bigiesse General\"},\"image\":{\"@id\":\"https:\/\/bigiesse.it\/#\/schema\/logo\/image\/\"}}]}<\/script>\n<!-- \/ Yoast SEO plugin. -->","yoast_head_json":{"title":"Le groupe de professionnels - BGS G\u00e9n\u00e9ral","description":"Le Groupe G\u00e9n\u00e9ral BGS est une r\u00e9alit\u00e9 dans le domaine de la production et du commerce. Il est compos\u00e9 de professionnels qualifi\u00e9s et d'une quarantaine d'ann\u00e9es d'exp\u00e9rience.","robots":{"index":"index","follow":"follow","max-snippet":"max-snippet:-1","max-image-preview":"max-image-preview:large","max-video-preview":"max-video-preview:-1"},"canonical":"https:\/\/bigiesse.it\/fr\/le-groupe\/","og_locale":"fr_FR","og_type":"article","og_title":"Le groupe de professionnels - BGS G\u00e9n\u00e9ral","og_description":"Le Groupe G\u00e9n\u00e9ral BGS est une r\u00e9alit\u00e9 dans le domaine de la production et du commerce. Il est compos\u00e9 de professionnels qualifi\u00e9s et d'une quarantaine d'ann\u00e9es d'exp\u00e9rience.","og_url":"https:\/\/bigiesse.it\/fr\/le-groupe\/","og_site_name":"Bgs General Srl - Pompe per Vuoto - Vacuum Technology","article_modified_time":"2022-02-23T10:40:32+00:00","twitter_card":"summary_large_image","twitter_misc":{"Dur\u00e9e de lecture estim\u00e9e":"1 minute"},"schema":{"@context":"https:\/\/schema.org","@graph":[{"@type":"WebPage","@id":"https:\/\/bigiesse.it\/fr\/le-groupe\/","url":"https:\/\/bigiesse.it\/fr\/le-groupe\/","name":"Le groupe de professionnels - BGS G\u00e9n\u00e9ral","isPartOf":{"@id":"https:\/\/bigiesse.it\/#website"},"datePublished":"2016-02-11T06:59:57+00:00","dateModified":"2022-02-23T10:40:32+00:00","description":"Le Groupe G\u00e9n\u00e9ral BGS est une r\u00e9alit\u00e9 dans le domaine de la production et du commerce. Il est compos\u00e9 de professionnels qualifi\u00e9s et d'une quarantaine d'ann\u00e9es d'exp\u00e9rience.","breadcrumb":{"@id":"https:\/\/bigiesse.it\/fr\/le-groupe\/#breadcrumb"},"inLanguage":"fr-FR","potentialAction":[{"@type":"ReadAction","target":["https:\/\/bigiesse.it\/fr\/le-groupe\/"]}]},{"@type":"BreadcrumbList","@id":"https:\/\/bigiesse.it\/fr\/le-groupe\/#breadcrumb","itemListElement":[{"@type":"ListItem","position":1,"name":"Home","item":"https:\/\/bigiesse.it\/"},{"@type":"ListItem","position":2,"name":"Le Groupe"}]},{"@type":"WebSite","@id":"https:\/\/bigiesse.it\/#website","url":"https:\/\/bigiesse.it\/","name":"Bgs General Srl - Pompe per Vuoto - Vacuum Technology","description":"Pompe per vuoto - Vacuum Technology","publisher":{"@id":"https:\/\/bigiesse.it\/#organization"},"potentialAction":[{"@type":"SearchAction","target":{"@type":"EntryPoint","urlTemplate":"https:\/\/bigiesse.it\/?s={search_term_string}"},"query-input":{"@type":"PropertyValueSpecification","valueRequired":true,"valueName":"search_term_string"}}],"inLanguage":"fr-FR"},{"@type":"Organization","@id":"https:\/\/bigiesse.it\/#organization","name":"Bigiesse General","url":"https:\/\/bigiesse.it\/","logo":{"@type":"ImageObject","inLanguage":"fr-FR","@id":"https:\/\/bigiesse.it\/#\/schema\/logo\/image\/","url":"https:\/\/bigiesse.it\/wp-content\/uploads\/2015\/04\/Logo-Bigiesse.jpg","contentUrl":"https:\/\/bigiesse.it\/wp-content\/uploads\/2015\/04\/Logo-Bigiesse.jpg","width":164,"height":112,"caption":"Bigiesse General"},"image":{"@id":"https:\/\/bigiesse.it\/#\/schema\/logo\/image\/"}}]}},"_links":{"self":[{"href":"https:\/\/bigiesse.it\/fr\/wp-json\/wp\/v2\/pages\/9418","targetHints":{"allow":["GET"]}}],"collection":[{"href":"https:\/\/bigiesse.it\/fr\/wp-json\/wp\/v2\/pages"}],"about":[{"href":"https:\/\/bigiesse.it\/fr\/wp-json\/wp\/v2\/types\/page"}],"author":[{"embeddable":true,"href":"https:\/\/bigiesse.it\/fr\/wp-json\/wp\/v2\/users\/4"}],"replies":[{"embeddable":true,"href":"https:\/\/bigiesse.it\/fr\/wp-json\/wp\/v2\/comments?post=9418"}],"version-history":[{"count":0,"href":"https:\/\/bigiesse.it\/fr\/wp-json\/wp\/v2\/pages\/9418\/revisions"}],"wp:attachment":[{"href":"https:\/\/bigiesse.it\/fr\/wp-json\/wp\/v2\/media?parent=9418"}],"curies":[{"name":"wp","href":"https:\/\/api.w.org\/{rel}","templated":true}]}}