{"id":9316,"date":"2014-07-24T10:34:36","date_gmt":"2014-07-24T10:34:36","guid":{"rendered":"http:\/\/bigiesse.it\/fr\/contatti\/"},"modified":"2022-03-04T07:45:55","modified_gmt":"2022-03-04T07:45:55","slug":"contacts","status":"publish","type":"page","link":"https:\/\/bigiesse.it\/fr\/contacts\/","title":{"rendered":"Contacts"},"content":{"rendered":"\t\t<div data-elementor-type=\"wp-page\" data-elementor-id=\"9316\" class=\"elementor elementor-9316 elementor-7435\">\n\t\t\t\t\t\t<section class=\"elementor-section elementor-top-section elementor-element elementor-element-adbd075 elementor-section-content-middle elementor-section-height-min-height elementor-section-boxed elementor-section-height-default elementor-section-items-middle\" data-id=\"adbd075\" data-element_type=\"section\" data-settings=\"{&quot;background_background&quot;:&quot;classic&quot;}\">\n\t\t\t\t\t\t\t<div class=\"elementor-background-overlay\"><\/div>\n\t\t\t\t\t\t\t<div class=\"elementor-container elementor-column-gap-default\">\n\t\t\t\t\t<div class=\"elementor-column elementor-col-100 elementor-top-column elementor-element elementor-element-381a549\" data-id=\"381a549\" data-element_type=\"column\">\n\t\t\t<div class=\"elementor-widget-wrap elementor-element-populated\">\n\t\t\t\t\t\t<div class=\"elementor-element elementor-element-3a0aaf3 elementor-invisible elementor-widget elementor-widget-heading\" data-id=\"3a0aaf3\" data-element_type=\"widget\" data-settings=\"{&quot;_animation&quot;:&quot;fadeInUp&quot;}\" data-widget_type=\"heading.default\">\n\t\t\t\t<div class=\"elementor-widget-container\">\n\t\t\t\t\t<div class=\"elementor-heading-title elementor-size-default elementor-heading-title elementor-align-after-left elementor-align-after-mobile-center\">Contacts<\/div>\t\t\t\t<\/div>\n\t\t\t\t<\/div>\n\t\t\t\t<div class=\"elementor-element elementor-element-fa80140 elementor-widget elementor-widget-spacer\" data-id=\"fa80140\" data-element_type=\"widget\" data-widget_type=\"spacer.default\">\n\t\t\t\t<div class=\"elementor-widget-container\">\n\t\t\t\t\t\t\t<div class=\"elementor-spacer\">\n\t\t\t<div class=\"elementor-spacer-inner\"><\/div>\n\t\t<\/div>\n\t\t\t\t\t\t<\/div>\n\t\t\t\t<\/div>\n\t\t\t\t\t<\/div>\n\t\t<\/div>\n\t\t\t\t\t<\/div>\n\t\t<\/section>\n\t\t\t\t<section class=\"elementor-section elementor-top-section elementor-element elementor-element-302523a elementor-section-stretched elementor-section-boxed elementor-section-height-default elementor-section-height-default\" data-id=\"302523a\" data-element_type=\"section\" data-settings=\"{&quot;background_background&quot;:&quot;classic&quot;,&quot;stretch_section&quot;:&quot;section-stretched&quot;}\">\n\t\t\t\t\t\t<div class=\"elementor-container elementor-column-gap-default\">\n\t\t\t\t\t<div class=\"elementor-column elementor-col-50 elementor-top-column elementor-element elementor-element-ff38376\" data-id=\"ff38376\" data-element_type=\"column\">\n\t\t\t<div class=\"elementor-widget-wrap elementor-element-populated\">\n\t\t\t\t\t\t<div class=\"elementor-element elementor-element-f6216b5 elementor-widget elementor-widget-heading\" data-id=\"f6216b5\" data-element_type=\"widget\" data-widget_type=\"heading.default\">\n\t\t\t\t<div class=\"elementor-widget-container\">\n\t\t\t\t\t<h2 class=\"elementor-heading-title elementor-size-default elementor-heading-title\">Contacts<\/h2>\t\t\t\t<\/div>\n\t\t\t\t<\/div>\n\t\t\t\t<div class=\"elementor-element elementor-element-452a506 elementor-widget elementor-widget-heading\" data-id=\"452a506\" data-element_type=\"widget\" data-widget_type=\"heading.default\">\n\t\t\t\t<div class=\"elementor-widget-container\">\n\t\t\t\t\t<span class=\"elementor-heading-title elementor-size-default elementor-heading-title\"><a href=\"tel:+390290005069\"><i class=\"ti-mobile\"><\/i><span><b> 02 90 00 50 69<\/b><br>T\u00e9l\u00e9phone<\/span><\/a><\/span>\t\t\t\t<\/div>\n\t\t\t\t<\/div>\n\t\t\t\t<div class=\"elementor-element elementor-element-fa37fdd elementor-widget elementor-widget-heading\" data-id=\"fa37fdd\" data-element_type=\"widget\" data-widget_type=\"heading.default\">\n\t\t\t\t<div class=\"elementor-widget-container\">\n\t\t\t\t\t<span class=\"elementor-heading-title elementor-size-default elementor-heading-title\"><a href=\"tel:+390290005775\"><i class=\"ti-mobile\"><\/i><span><b>02 90 00 57 75<\/b><br>Fax<\/span><\/a><\/span>\t\t\t\t<\/div>\n\t\t\t\t<\/div>\n\t\t\t\t<div class=\"elementor-element elementor-element-eebdc73 elementor-widget elementor-widget-heading\" data-id=\"eebdc73\" data-element_type=\"widget\" data-widget_type=\"heading.default\">\n\t\t\t\t<div class=\"elementor-widget-container\">\n\t\t\t\t\t<span class=\"elementor-heading-title elementor-size-default elementor-heading-title\"><a href=\"mailto:%20bigiesse@pec.it\"><i class=\"ti-email\"><\/i><span><b>bigiesse@pec.it<\/b><br>Courrier \u00e9lectronique certifi\u00e9<\/span><\/a><\/span>\t\t\t\t<\/div>\n\t\t\t\t<\/div>\n\t\t\t\t<div class=\"elementor-element elementor-element-9c0fb4f elementor-widget elementor-widget-heading\" data-id=\"9c0fb4f\" data-element_type=\"widget\" data-widget_type=\"heading.default\">\n\t\t\t\t<div class=\"elementor-widget-container\">\n\t\t\t\t\t<span class=\"elementor-heading-title elementor-size-default elementor-heading-title\"><a href=\"mailto:bigiesse@bigiesse.it\"><i class=\"ti-email\"><\/i><span><b>bigiesse@bigiesse.it<\/b><br>Contact principal<\/span><\/a><\/span>\t\t\t\t<\/div>\n\t\t\t\t<\/div>\n\t\t\t\t\t<\/div>\n\t\t<\/div>\n\t\t\t\t<div class=\"elementor-column elementor-col-50 elementor-top-column elementor-element elementor-element-7f0e738\" data-id=\"7f0e738\" data-element_type=\"column\">\n\t\t\t<div class=\"elementor-widget-wrap elementor-element-populated\">\n\t\t\t\t\t\t<div class=\"elementor-element elementor-element-97ded80 elementor-hidden-desktop elementor-hidden-tablet elementor-hidden-mobile elementor-widget elementor-widget-shortcode\" data-id=\"97ded80\" data-element_type=\"widget\" data-widget_type=\"shortcode.default\">\n\t\t\t\t<div class=\"elementor-widget-container\">\n\t\t\t\t\t\t\t<div class=\"elementor-shortcode\">\n<div class=\"wpcf7 no-js\" id=\"wpcf7-f1084-o1\" lang=\"en-US\" dir=\"ltr\" data-wpcf7-id=\"1084\">\n<div class=\"screen-reader-response\"><p role=\"status\" aria-live=\"polite\" aria-atomic=\"true\"><\/p> <ul><\/ul><\/div>\n<form action=\"\/fr\/wp-json\/wp\/v2\/pages\/9316#wpcf7-f1084-o1\" method=\"post\" class=\"wpcf7-form init\" aria-label=\"Contact form\" novalidate=\"novalidate\" data-status=\"init\">\n<fieldset class=\"hidden-fields-container\"><input type=\"hidden\" name=\"_wpcf7\" value=\"1084\" \/><input type=\"hidden\" name=\"_wpcf7_version\" value=\"6.1.4\" \/><input type=\"hidden\" name=\"_wpcf7_locale\" value=\"en_US\" \/><input type=\"hidden\" name=\"_wpcf7_unit_tag\" value=\"wpcf7-f1084-o1\" \/><input type=\"hidden\" name=\"_wpcf7_container_post\" value=\"0\" \/><input type=\"hidden\" name=\"_wpcf7_posted_data_hash\" value=\"\" \/><input type=\"hidden\" name=\"_wpcf7_recaptcha_response\" value=\"\" \/>\n<\/fieldset>\n<div class=\"row\">\n\t<div class=\"col-md-6\">\n\t\t<p><span class=\"wpcf7-form-control-wrap\" data-name=\"your-name\"><input size=\"40\" maxlength=\"400\" class=\"wpcf7-form-control wpcf7-text wpcf7-validates-as-required\" aria-required=\"true\" aria-invalid=\"false\" placeholder=\"Nome\" value=\"\" type=\"text\" name=\"your-name\" \/><\/span>\n\t\t<\/p>\n\t<\/div>\n\t<div class=\"col-md-6\">\n\t\t<p><span class=\"wpcf7-form-control-wrap\" data-name=\"company\"><input size=\"40\" maxlength=\"400\" class=\"wpcf7-form-control wpcf7-text\" aria-invalid=\"false\" placeholder=\"Azienda\" value=\"\" type=\"text\" name=\"company\" \/><\/span>\n\t\t<\/p>\n\t<\/div>\n<\/div>\n<div class=\"row\">\n\t<div class=\"col-md-6\">\n\t\t<p><span class=\"wpcf7-form-control-wrap\" data-name=\"mail\"><input size=\"40\" maxlength=\"400\" class=\"wpcf7-form-control wpcf7-text wpcf7-validates-as-required\" aria-required=\"true\" aria-invalid=\"false\" placeholder=\"E-mail\" value=\"\" type=\"text\" name=\"mail\" \/><\/span>\n\t\t<\/p>\n\t<\/div>\n\t<div class=\"col-md-6\">\n\t\t<p><span class=\"wpcf7-form-control-wrap\" data-name=\"phone\"><input size=\"40\" maxlength=\"400\" class=\"wpcf7-form-control wpcf7-text\" aria-invalid=\"false\" placeholder=\"Telefono\" value=\"\" type=\"text\" name=\"phone\" \/><\/span>\n\t\t<\/p>\n\t<\/div>\n<\/div>\n<div class=\"row\">\n\t<div class=\"col-md-12\">\n\t\t<p><span class=\"wpcf7-form-control-wrap\" data-name=\"Help\"><textarea cols=\"40\" rows=\"10\" maxlength=\"2000\" class=\"wpcf7-form-control wpcf7-textarea wpcf7-validates-as-required\" aria-required=\"true\" aria-invalid=\"false\" placeholder=\"Messaggio\" name=\"Help\"><\/textarea><\/span>\n\t\t<\/p>\n\t<\/div>\n<\/div>\n<p><input class=\"wpcf7-form-control wpcf7-submit has-spinner\" type=\"submit\" value=\"Invia\" \/>\n<\/p><div class=\"wpcf7-response-output\" aria-hidden=\"true\"><\/div>\n<\/form>\n<\/div>\n<\/div>\n\t\t\t\t\t\t<\/div>\n\t\t\t\t<\/div>\n\t\t\t\t\t<\/div>\n\t\t<\/div>\n\t\t\t\t\t<\/div>\n\t\t<\/section>\n\t\t\t\t<section class=\"elementor-section elementor-top-section elementor-element elementor-element-4e56471 elementor-section-full_width elementor-section-stretched elementor-section-height-default elementor-section-height-default\" data-id=\"4e56471\" data-element_type=\"section\" data-settings=\"{&quot;background_background&quot;:&quot;classic&quot;,&quot;stretch_section&quot;:&quot;section-stretched&quot;}\">\n\t\t\t\t\t\t<div class=\"elementor-container elementor-column-gap-no\">\n\t\t\t\t\t<div class=\"elementor-column elementor-col-100 elementor-top-column elementor-element elementor-element-b5e4601\" data-id=\"b5e4601\" data-element_type=\"column\">\n\t\t\t<div class=\"elementor-widget-wrap elementor-element-populated\">\n\t\t\t\t\t\t<section class=\"elementor-section elementor-inner-section elementor-element elementor-element-044359f elementor-section-boxed elementor-section-height-default elementor-section-height-default\" data-id=\"044359f\" data-element_type=\"section\">\n\t\t\t\t\t\t<div class=\"elementor-container elementor-column-gap-default\">\n\t\t\t\t\t<div class=\"elementor-column elementor-col-50 elementor-inner-column elementor-element elementor-element-46318b6\" data-id=\"46318b6\" data-element_type=\"column\" data-settings=\"{&quot;background_background&quot;:&quot;classic&quot;}\">\n\t\t\t<div class=\"elementor-widget-wrap elementor-element-populated\">\n\t\t\t\t\t\t<div class=\"elementor-element elementor-element-3bddf93 elementor-widget elementor-widget-heading\" data-id=\"3bddf93\" data-element_type=\"widget\" data-widget_type=\"heading.default\">\n\t\t\t\t<div class=\"elementor-widget-container\">\n\t\t\t\t\t<h2 class=\"elementor-heading-title elementor-size-default elementor-heading-title\">Bureau commercial<\/h2>\t\t\t\t<\/div>\n\t\t\t\t<\/div>\n\t\t\t\t<div class=\"elementor-element elementor-element-88acbba elementor-widget elementor-widget-heading\" data-id=\"88acbba\" data-element_type=\"widget\" data-widget_type=\"heading.default\">\n\t\t\t\t<div class=\"elementor-widget-container\">\n\t\t\t\t\t<span class=\"elementor-heading-title elementor-size-default elementor-heading-title\"><a href=\"mailto:commerciale@bigiesse.it\"><i class=\"ti-email\"><\/i><span><b>commerciale@bigiesse.it<\/b><br>Bureau commercial<\/span><\/a><\/span>\t\t\t\t<\/div>\n\t\t\t\t<\/div>\n\t\t\t\t<div class=\"elementor-element elementor-element-3e408ef elementor-widget elementor-widget-heading\" data-id=\"3e408ef\" data-element_type=\"widget\" data-widget_type=\"heading.default\">\n\t\t\t\t<div class=\"elementor-widget-container\">\n\t\t\t\t\t<span class=\"elementor-heading-title elementor-size-default elementor-heading-title\"><a href=\"mailto:export@bigiesse.it\"><i class=\"ti-email\"><\/i><span><b>export@bigiesse.it<\/b><br>Bureau export<\/span><\/a><\/span>\t\t\t\t<\/div>\n\t\t\t\t<\/div>\n\t\t\t\t<div class=\"elementor-element elementor-element-b009448 elementor-widget elementor-widget-heading\" data-id=\"b009448\" data-element_type=\"widget\" data-widget_type=\"heading.default\">\n\t\t\t\t<div class=\"elementor-widget-container\">\n\t\t\t\t\t<span class=\"elementor-heading-title elementor-size-default elementor-heading-title\"><a href=\"mailto:tecnico@bigiesse.it\"><i class=\"ti-email\"><\/i><span><b>tecnico@bigiesse.it<\/b><br>Bureau d\u2019ing\u00e9nierie<\/span><\/a><\/span>\t\t\t\t<\/div>\n\t\t\t\t<\/div>\n\t\t\t\t<div class=\"elementor-element elementor-element-6fc8da4 elementor-widget elementor-widget-heading\" data-id=\"6fc8da4\" data-element_type=\"widget\" data-widget_type=\"heading.default\">\n\t\t\t\t<div class=\"elementor-widget-container\">\n\t\t\t\t\t<span class=\"elementor-heading-title elementor-size-default elementor-heading-title\"><a href=\"mailto:acquisti@bigiesse.it\"><i class=\"ti-email\"><\/i><span><b>acquisti@bigiesse.it<\/b><br>Bureau achats<\/span><\/a><\/span>\t\t\t\t<\/div>\n\t\t\t\t<\/div>\n\t\t\t\t<div class=\"elementor-element elementor-element-22ffca3 elementor-widget elementor-widget-heading\" data-id=\"22ffca3\" data-element_type=\"widget\" data-widget_type=\"heading.default\">\n\t\t\t\t<div class=\"elementor-widget-container\">\n\t\t\t\t\t<span class=\"elementor-heading-title elementor-size-default elementor-heading-title\"><a href=\"mailto:amministrazione@bigiesse.it\"><i class=\"ti-email\"><\/i><span><b>amministrazione@bigiesse.it<\/b><br>Bureau administratif<\/span><\/a><\/span>\t\t\t\t<\/div>\n\t\t\t\t<\/div>\n\t\t\t\t<div class=\"elementor-element elementor-element-a0b9695 elementor-widget elementor-widget-heading\" data-id=\"a0b9695\" data-element_type=\"widget\" data-widget_type=\"heading.default\">\n\t\t\t\t<div class=\"elementor-widget-container\">\n\t\t\t\t\t<span class=\"elementor-heading-title elementor-size-default elementor-heading-title\"><a href=\"mailto:service@bigiesse.it\"><i class=\"ti-email\"><\/i><span><b>service@bigiesse.it<\/b><br>Service<\/span><\/a><\/span>\t\t\t\t<\/div>\n\t\t\t\t<\/div>\n\t\t\t\t\t<\/div>\n\t\t<\/div>\n\t\t\t\t<div class=\"elementor-column elementor-col-50 elementor-inner-column elementor-element elementor-element-020de81\" data-id=\"020de81\" data-element_type=\"column\">\n\t\t\t<div class=\"elementor-widget-wrap elementor-element-populated\">\n\t\t\t\t\t\t<div class=\"elementor-element elementor-element-2cb06f8 elementor-widget elementor-widget-google_maps\" data-id=\"2cb06f8\" data-element_type=\"widget\" data-widget_type=\"google_maps.default\">\n\t\t\t\t<div class=\"elementor-widget-container\">\n\t\t\t\t\t\t\t<div class=\"elementor-custom-embed\">\n\t\t\t<iframe loading=\"lazy\"\n\t\t\t\t\tsrc=\"https:\/\/maps.google.com\/maps?q=Via%20Zibido%2C3&#038;t=m&#038;z=10&#038;output=embed&#038;iwloc=near\"\n\t\t\t\t\ttitle=\"Via Zibido,3\"\n\t\t\t\t\taria-label=\"Via Zibido,3\"\n\t\t\t><\/iframe>\n\t\t<\/div>\n\t\t\t\t\t\t<\/div>\n\t\t\t\t<\/div>\n\t\t\t\t\t<\/div>\n\t\t<\/div>\n\t\t\t\t\t<\/div>\n\t\t<\/section>\n\t\t\t\t\t<\/div>\n\t\t<\/div>\n\t\t\t\t\t<\/div>\n\t\t<\/section>\n\t\t\t\t<\/div>\n\t\t","protected":false},"excerpt":{"rendered":"<p>Contacts Contacts 02 90 00 50 69T\u00e9l\u00e9phone 02 90 00 57 75Fax bigiesse@pec.itCourrier \u00e9lectronique certifi\u00e9 bigiesse@bigiesse.itContact principal Bureau&#8230;<\/p>\n","protected":false},"author":4,"featured_media":0,"parent":0,"menu_order":0,"comment_status":"open","ping_status":"open","template":"elementor_canvas","meta":{"footnotes":""},"class_list":["post-9316","page","type-page","status-publish","hentry"],"yoast_head":"<!-- This site is optimized with the Yoast SEO plugin v26.7 - https:\/\/yoast.com\/wordpress\/plugins\/seo\/ -->\n<title>Contacts pour communiquer avec nous - BGS General<\/title>\n<meta name=\"description\" content=\"Il s&#039;agit de la page de contact g\u00e9n\u00e9ral de BGS pour communiquer avec les professionnels de l&#039;entreprise pr\u00e9sente sur le march\u00e9 depuis plus de 40 ans.\" \/>\n<meta name=\"robots\" content=\"index, follow, max-snippet:-1, max-image-preview:large, max-video-preview:-1\" \/>\n<link rel=\"canonical\" href=\"https:\/\/bigiesse.it\/contatti\/\" \/>\n<meta property=\"og:locale\" content=\"fr_FR\" \/>\n<meta property=\"og:type\" content=\"article\" \/>\n<meta property=\"og:title\" content=\"Contacts pour communiquer avec nous - BGS General\" \/>\n<meta property=\"og:description\" content=\"Il s&#039;agit de la page de contact g\u00e9n\u00e9ral de BGS pour communiquer avec les professionnels de l&#039;entreprise pr\u00e9sente sur le march\u00e9 depuis plus de 40 ans.\" \/>\n<meta property=\"og:url\" content=\"https:\/\/bigiesse.it\/contatti\/\" \/>\n<meta property=\"og:site_name\" content=\"Bgs General Srl - Pompe per Vuoto - Vacuum Technology\" \/>\n<meta property=\"article:modified_time\" content=\"2022-03-04T07:45:55+00:00\" \/>\n<meta name=\"twitter:card\" content=\"summary_large_image\" \/>\n<meta name=\"twitter:label1\" content=\"Dur\u00e9e de lecture estim\u00e9e\" \/>\n\t<meta name=\"twitter:data1\" content=\"1 minute\" \/>\n<script type=\"application\/ld+json\" class=\"yoast-schema-graph\">{\"@context\":\"https:\/\/schema.org\",\"@graph\":[{\"@type\":\"WebPage\",\"@id\":\"https:\/\/bigiesse.it\/contatti\/\",\"url\":\"https:\/\/bigiesse.it\/contatti\/\",\"name\":\"Contacts pour communiquer avec nous - BGS General\",\"isPartOf\":{\"@id\":\"https:\/\/bigiesse.it\/#website\"},\"datePublished\":\"2014-07-24T10:34:36+00:00\",\"dateModified\":\"2022-03-04T07:45:55+00:00\",\"description\":\"Il s'agit de la page de contact g\u00e9n\u00e9ral de BGS pour communiquer avec les professionnels de l'entreprise pr\u00e9sente sur le march\u00e9 depuis plus de 40 ans.\",\"breadcrumb\":{\"@id\":\"https:\/\/bigiesse.it\/contatti\/#breadcrumb\"},\"inLanguage\":\"fr-FR\",\"potentialAction\":[{\"@type\":\"ReadAction\",\"target\":[\"https:\/\/bigiesse.it\/contatti\/\"]}]},{\"@type\":\"BreadcrumbList\",\"@id\":\"https:\/\/bigiesse.it\/contatti\/#breadcrumb\",\"itemListElement\":[{\"@type\":\"ListItem\",\"position\":1,\"name\":\"Home\",\"item\":\"https:\/\/bigiesse.it\/\"},{\"@type\":\"ListItem\",\"position\":2,\"name\":\"Contacts\"}]},{\"@type\":\"WebSite\",\"@id\":\"https:\/\/bigiesse.it\/#website\",\"url\":\"https:\/\/bigiesse.it\/\",\"name\":\"Bgs General Srl - Pompe per Vuoto - Vacuum Technology\",\"description\":\"Pompe per vuoto - Vacuum Technology\",\"publisher\":{\"@id\":\"https:\/\/bigiesse.it\/#organization\"},\"potentialAction\":[{\"@type\":\"SearchAction\",\"target\":{\"@type\":\"EntryPoint\",\"urlTemplate\":\"https:\/\/bigiesse.it\/?s={search_term_string}\"},\"query-input\":{\"@type\":\"PropertyValueSpecification\",\"valueRequired\":true,\"valueName\":\"search_term_string\"}}],\"inLanguage\":\"fr-FR\"},{\"@type\":\"Organization\",\"@id\":\"https:\/\/bigiesse.it\/#organization\",\"name\":\"Bigiesse General\",\"url\":\"https:\/\/bigiesse.it\/\",\"logo\":{\"@type\":\"ImageObject\",\"inLanguage\":\"fr-FR\",\"@id\":\"https:\/\/bigiesse.it\/#\/schema\/logo\/image\/\",\"url\":\"https:\/\/bigiesse.it\/wp-content\/uploads\/2015\/04\/Logo-Bigiesse.jpg\",\"contentUrl\":\"https:\/\/bigiesse.it\/wp-content\/uploads\/2015\/04\/Logo-Bigiesse.jpg\",\"width\":164,\"height\":112,\"caption\":\"Bigiesse General\"},\"image\":{\"@id\":\"https:\/\/bigiesse.it\/#\/schema\/logo\/image\/\"}}]}<\/script>\n<!-- \/ Yoast SEO plugin. -->","yoast_head_json":{"title":"Contacts pour communiquer avec nous - BGS General","description":"Il s'agit de la page de contact g\u00e9n\u00e9ral de BGS pour communiquer avec les professionnels de l'entreprise pr\u00e9sente sur le march\u00e9 depuis plus de 40 ans.","robots":{"index":"index","follow":"follow","max-snippet":"max-snippet:-1","max-image-preview":"max-image-preview:large","max-video-preview":"max-video-preview:-1"},"canonical":"https:\/\/bigiesse.it\/contatti\/","og_locale":"fr_FR","og_type":"article","og_title":"Contacts pour communiquer avec nous - BGS General","og_description":"Il s'agit de la page de contact g\u00e9n\u00e9ral de BGS pour communiquer avec les professionnels de l'entreprise pr\u00e9sente sur le march\u00e9 depuis plus de 40 ans.","og_url":"https:\/\/bigiesse.it\/contatti\/","og_site_name":"Bgs General Srl - Pompe per Vuoto - Vacuum Technology","article_modified_time":"2022-03-04T07:45:55+00:00","twitter_card":"summary_large_image","twitter_misc":{"Dur\u00e9e de lecture estim\u00e9e":"1 minute"},"schema":{"@context":"https:\/\/schema.org","@graph":[{"@type":"WebPage","@id":"https:\/\/bigiesse.it\/contatti\/","url":"https:\/\/bigiesse.it\/contatti\/","name":"Contacts pour communiquer avec nous - BGS General","isPartOf":{"@id":"https:\/\/bigiesse.it\/#website"},"datePublished":"2014-07-24T10:34:36+00:00","dateModified":"2022-03-04T07:45:55+00:00","description":"Il s'agit de la page de contact g\u00e9n\u00e9ral de BGS pour communiquer avec les professionnels de l'entreprise pr\u00e9sente sur le march\u00e9 depuis plus de 40 ans.","breadcrumb":{"@id":"https:\/\/bigiesse.it\/contatti\/#breadcrumb"},"inLanguage":"fr-FR","potentialAction":[{"@type":"ReadAction","target":["https:\/\/bigiesse.it\/contatti\/"]}]},{"@type":"BreadcrumbList","@id":"https:\/\/bigiesse.it\/contatti\/#breadcrumb","itemListElement":[{"@type":"ListItem","position":1,"name":"Home","item":"https:\/\/bigiesse.it\/"},{"@type":"ListItem","position":2,"name":"Contacts"}]},{"@type":"WebSite","@id":"https:\/\/bigiesse.it\/#website","url":"https:\/\/bigiesse.it\/","name":"Bgs General Srl - Pompe per Vuoto - Vacuum Technology","description":"Pompe per vuoto - Vacuum Technology","publisher":{"@id":"https:\/\/bigiesse.it\/#organization"},"potentialAction":[{"@type":"SearchAction","target":{"@type":"EntryPoint","urlTemplate":"https:\/\/bigiesse.it\/?s={search_term_string}"},"query-input":{"@type":"PropertyValueSpecification","valueRequired":true,"valueName":"search_term_string"}}],"inLanguage":"fr-FR"},{"@type":"Organization","@id":"https:\/\/bigiesse.it\/#organization","name":"Bigiesse General","url":"https:\/\/bigiesse.it\/","logo":{"@type":"ImageObject","inLanguage":"fr-FR","@id":"https:\/\/bigiesse.it\/#\/schema\/logo\/image\/","url":"https:\/\/bigiesse.it\/wp-content\/uploads\/2015\/04\/Logo-Bigiesse.jpg","contentUrl":"https:\/\/bigiesse.it\/wp-content\/uploads\/2015\/04\/Logo-Bigiesse.jpg","width":164,"height":112,"caption":"Bigiesse General"},"image":{"@id":"https:\/\/bigiesse.it\/#\/schema\/logo\/image\/"}}]}},"_links":{"self":[{"href":"https:\/\/bigiesse.it\/fr\/wp-json\/wp\/v2\/pages\/9316","targetHints":{"allow":["GET"]}}],"collection":[{"href":"https:\/\/bigiesse.it\/fr\/wp-json\/wp\/v2\/pages"}],"about":[{"href":"https:\/\/bigiesse.it\/fr\/wp-json\/wp\/v2\/types\/page"}],"author":[{"embeddable":true,"href":"https:\/\/bigiesse.it\/fr\/wp-json\/wp\/v2\/users\/4"}],"replies":[{"embeddable":true,"href":"https:\/\/bigiesse.it\/fr\/wp-json\/wp\/v2\/comments?post=9316"}],"version-history":[{"count":0,"href":"https:\/\/bigiesse.it\/fr\/wp-json\/wp\/v2\/pages\/9316\/revisions"}],"wp:attachment":[{"href":"https:\/\/bigiesse.it\/fr\/wp-json\/wp\/v2\/media?parent=9316"}],"curies":[{"name":"wp","href":"https:\/\/api.w.org\/{rel}","templated":true}]}}